{"id":706,"date":"2022-11-16T21:10:31","date_gmt":"2022-11-16T21:10:31","guid":{"rendered":"https:\/\/startersites.io\/elementor\/photo-studio\/?page_id=706"},"modified":"2025-09-18T16:32:34","modified_gmt":"2025-09-18T14:32:34","slug":"onas","status":"publish","type":"page","link":"https:\/\/www.podlaharstvi-drozd.cz\/?page_id=706","title":{"rendered":"O n\u00e1s"},"content":{"rendered":"\t\t<div data-elementor-type=\"wp-page\" data-elementor-id=\"706\" class=\"elementor elementor-706\">\n\t\t\t\t<div class=\"elementor-element elementor-element-f2eb0d6 e-flex e-con-boxed e-con e-parent\" data-id=\"f2eb0d6\" data-element_type=\"container\" data-settings=\"{&quot;background_background&quot;:&quot;classic&quot;}\">\n\t\t\t\t\t<div class=\"e-con-inner\">\n\t\t<div class=\"elementor-element elementor-element-a0b40b5 e-con-full e-flex e-con e-child\" data-id=\"a0b40b5\" data-element_type=\"container\">\n\t\t\t\t<div class=\"elementor-element elementor-element-817d4a9 elementor-widget elementor-widget-heading\" data-id=\"817d4a9\" data-element_type=\"widget\" data-widget_type=\"heading.default\">\n\t\t\t\t\t<h2 class=\"elementor-heading-title elementor-size-default\">Podl\u00e1h\u00e1\u0159stv\u00ed Drozd<\/h2>\t\t\t\t<\/div>\n\t\t\t\t<div class=\"elementor-element elementor-element-38fb435 elementor-widget elementor-widget-text-editor\" data-id=\"38fb435\" data-element_type=\"widget\" data-widget_type=\"text-editor.default\">\n\t\t\t\t\t\t\t\t\t<p>Jsme mal\u00e1 firma p\u016fsob\u00edc\u00ed p\u0159ev\u00e1\u017en\u011b v Olomouck\u00e9m kraji. Po dohod\u011b ale nem\u00e1me probl\u00e9my vydat se za v\u00e1mi kamkoliv bude pot\u0159eba.<\/p><div data-id=\"83f4ebc\" data-element_type=\"widget\" data-settings=\"{&quot;drop_cap&quot;:&quot;yes&quot;}\" data-widget_type=\"text-editor.default\"><p>P\u0159evzali jsme si v\u0161echny rady a zku\u0161enosti nabit\u00e9 l\u00e9ty praxe a nyn\u00ed k nim p\u0159id\u00e1v\u00e1me inovativn\u00ed technologie a materi\u00e1ly, kter\u00e9 od na\u0161ich dodavatel\u016f ka\u017ed\u00fdm rokem p\u0159ib\u00fdvaj\u00ed.<\/p><p>Chceme v\u00e1m, z\u00e1kazn\u00edk\u016fm, poskytnout kompletn\u00ed slu\u017eby. R\u00e1di k v\u00e1m p\u0159ijedeme, zam\u011b\u0159\u00edme prostor a navrhneme nejrozumn\u011bj\u0161\u00ed \u0159e\u0161en\u00ed podlah a dve\u0159\u00ed s ohledem na kvalitu ale i pro v\u00e1s rozumnou cenu.<\/p><p>V\u0161e probereme v klidu, v\u010detn\u011b v\u00fdb\u011br\u016f ze vzorkovn\u00edk\u016f podlah a dve\u0159\u00ed a po ov\u011b\u0159en\u00ed dostupnosti materi\u00e1l\u016f se dohodneme na term\u00ednu realizace. Po uhrazen\u00ed z\u00e1lohy ji\u017e v\u0161e pob\u011b\u017e\u00ed jako namazan\u00fd stroj.<\/p><\/div>\t\t\t\t\t\t\t\t<\/div>\n\t\t\t\t<\/div>\n\t\t\t\t<div class=\"elementor-element elementor-element-714b5aa elementor-widget__width-initial elementor-widget elementor-widget-image\" data-id=\"714b5aa\" data-element_type=\"widget\" data-widget_type=\"image.default\">\n\t\t\t\t\t\t\t\t\t\t\t\t\t\t\t<img fetchpriority=\"high\" decoding=\"async\" width=\"1024\" height=\"683\" src=\"https:\/\/www.podlaharstvi-drozd.cz\/wp-content\/uploads\/2025\/07\/46E28800-637B-4EEC-BD86-FB9FEE542ECE.png\" class=\"attachment-large size-large wp-image-825\" alt=\"\" srcset=\"https:\/\/www.podlaharstvi-drozd.cz\/wp-content\/uploads\/2025\/07\/46E28800-637B-4EEC-BD86-FB9FEE542ECE.png 1536w, https:\/\/www.podlaharstvi-drozd.cz\/wp-content\/uploads\/2025\/07\/46E28800-637B-4EEC-BD86-FB9FEE542ECE-300x200.png 300w\" sizes=\"(max-width: 1024px) 100vw, 1024px\" \/>\t\t\t\t\t\t\t\t\t\t\t\t\t\t\t<\/div>\n\t\t\t\t\t<\/div>\n\t\t\t\t<\/div>\n\t\t<div class=\"elementor-element elementor-element-63a442a e-flex e-con-boxed e-con e-parent\" data-id=\"63a442a\" data-element_type=\"container\" data-settings=\"{&quot;background_background&quot;:&quot;classic&quot;}\">\n\t\t\t\t\t<div class=\"e-con-inner\">\n\t\t\t\t<div class=\"elementor-element elementor-element-de4767c elementor-widget elementor-widget-heading\" data-id=\"de4767c\" data-element_type=\"widget\" data-widget_type=\"heading.default\">\n\t\t\t\t\t<h2 class=\"elementor-heading-title elementor-size-default\">Na\u0161i partne\u0159i<\/h2>\t\t\t\t<\/div>\n\t\t\t\t<div class=\"elementor-element elementor-element-57e2883 elementor-widget elementor-widget-text-editor\" data-id=\"57e2883\" data-element_type=\"widget\" data-widget_type=\"text-editor.default\">\n\t\t\t\t\t\t\t\t\t<p>Spolupracujeme s osv\u011bd\u010den\u00fdmi dodavateli na trhu, abychom v\u00e1m dod\u00e1vali pouze kvalitn\u00ed v\u00fdsledky.<\/p>\t\t\t\t\t\t\t\t<\/div>\n\t\t<div class=\"elementor-element elementor-element-9725e0d e-flex e-con-boxed e-con e-child\" data-id=\"9725e0d\" data-element_type=\"container\">\n\t\t\t\t\t<div class=\"e-con-inner\">\n\t\t<div class=\"elementor-element elementor-element-4eec148 e-con-full e-flex e-con e-child\" data-id=\"4eec148\" data-element_type=\"container\">\n\t\t\t\t<div class=\"elementor-element elementor-element-589d9c3 elementor-widget elementor-widget-image\" data-id=\"589d9c3\" data-element_type=\"widget\" data-widget_type=\"image.default\">\n\t\t\t\t\t\t\t\t\t\t\t\t\t\t\t<img decoding=\"async\" width=\"600\" height=\"400\" src=\"https:\/\/www.podlaharstvi-drozd.cz\/wp-content\/uploads\/2025\/07\/nove_logo_sapeli.jpg\" class=\"attachment-full size-full wp-image-908\" alt=\"\" srcset=\"https:\/\/www.podlaharstvi-drozd.cz\/wp-content\/uploads\/2025\/07\/nove_logo_sapeli.jpg 600w, https:\/\/www.podlaharstvi-drozd.cz\/wp-content\/uploads\/2025\/07\/nove_logo_sapeli-300x200.jpg 300w\" sizes=\"(max-width: 600px) 100vw, 600px\" \/>\t\t\t\t\t\t\t\t\t\t\t\t\t\t\t<\/div>\n\t\t\t\t<\/div>\n\t\t<div class=\"elementor-element elementor-element-582a253 e-con-full e-flex e-con e-child\" data-id=\"582a253\" data-element_type=\"container\">\n\t\t\t\t<div class=\"elementor-element elementor-element-b1331e0 elementor-widget elementor-widget-image\" data-id=\"b1331e0\" data-element_type=\"widget\" data-widget_type=\"image.default\">\n\t\t\t\t\t\t\t\t\t\t\t\t\t\t\t<img decoding=\"async\" width=\"1024\" height=\"683\" src=\"https:\/\/www.podlaharstvi-drozd.cz\/wp-content\/uploads\/2025\/07\/titulka-solodoor-1920x1280.png-1024x683.webp\" class=\"attachment-large size-large wp-image-909\" alt=\"\" srcset=\"https:\/\/www.podlaharstvi-drozd.cz\/wp-content\/uploads\/2025\/07\/titulka-solodoor-1920x1280.png-1024x683.webp 1024w, https:\/\/www.podlaharstvi-drozd.cz\/wp-content\/uploads\/2025\/07\/titulka-solodoor-1920x1280.png-300x200.webp 300w, https:\/\/www.podlaharstvi-drozd.cz\/wp-content\/uploads\/2025\/07\/titulka-solodoor-1920x1280.png-768x512.webp 768w, https:\/\/www.podlaharstvi-drozd.cz\/wp-content\/uploads\/2025\/07\/titulka-solodoor-1920x1280.png-1536x1024.webp 1536w, https:\/\/www.podlaharstvi-drozd.cz\/wp-content\/uploads\/2025\/07\/titulka-solodoor-1920x1280.png.webp 1920w\" sizes=\"(max-width: 1024px) 100vw, 1024px\" \/>\t\t\t\t\t\t\t\t\t\t\t\t\t\t\t<\/div>\n\t\t\t\t<\/div>\n\t\t<div class=\"elementor-element elementor-element-06ebfc7 e-con-full e-flex e-con e-child\" data-id=\"06ebfc7\" data-element_type=\"container\">\n\t\t\t\t<div class=\"elementor-element elementor-element-4d00878 elementor-widget elementor-widget-image\" data-id=\"4d00878\" data-element_type=\"widget\" data-widget_type=\"image.default\">\n\t\t\t\t\t\t\t\t\t\t\t\t\t\t\t<img loading=\"lazy\" decoding=\"async\" width=\"620\" height=\"330\" src=\"https:\/\/www.podlaharstvi-drozd.cz\/wp-content\/uploads\/2025\/07\/egger-logo.jpg\" class=\"attachment-large size-large wp-image-912\" alt=\"\" srcset=\"https:\/\/www.podlaharstvi-drozd.cz\/wp-content\/uploads\/2025\/07\/egger-logo.jpg 620w, https:\/\/www.podlaharstvi-drozd.cz\/wp-content\/uploads\/2025\/07\/egger-logo-300x160.jpg 300w\" sizes=\"(max-width: 620px) 100vw, 620px\" \/>\t\t\t\t\t\t\t\t\t\t\t\t\t\t\t<\/div>\n\t\t\t\t<\/div>\n\t\t<div class=\"elementor-element elementor-element-98b6838 e-con-full e-flex e-con e-child\" data-id=\"98b6838\" data-element_type=\"container\">\n\t\t\t\t<div class=\"elementor-element elementor-element-1c5070e elementor-widget elementor-widget-image\" data-id=\"1c5070e\" data-element_type=\"widget\" data-widget_type=\"image.default\">\n\t\t\t\t\t\t\t\t\t\t\t\t\t\t\t<img loading=\"lazy\" decoding=\"async\" width=\"555\" height=\"370\" src=\"https:\/\/www.podlaharstvi-drozd.cz\/wp-content\/uploads\/2025\/07\/gerflor-logo.png\" class=\"attachment-large size-large wp-image-913\" alt=\"\" srcset=\"https:\/\/www.podlaharstvi-drozd.cz\/wp-content\/uploads\/2025\/07\/gerflor-logo.png 555w, https:\/\/www.podlaharstvi-drozd.cz\/wp-content\/uploads\/2025\/07\/gerflor-logo-300x200.png 300w\" sizes=\"(max-width: 555px) 100vw, 555px\" \/>\t\t\t\t\t\t\t\t\t\t\t\t\t\t\t<\/div>\n\t\t\t\t<\/div>\n\t\t<div class=\"elementor-element elementor-element-e0a08c4 e-con-full e-flex e-con e-child\" data-id=\"e0a08c4\" data-element_type=\"container\">\n\t\t\t\t<div class=\"elementor-element elementor-element-add11b2 elementor-widget elementor-widget-image\" data-id=\"add11b2\" data-element_type=\"widget\" data-widget_type=\"image.default\">\n\t\t\t\t\t\t\t\t\t\t\t\t\t\t\t<img loading=\"lazy\" decoding=\"async\" width=\"400\" height=\"150\" src=\"https:\/\/www.podlaharstvi-drozd.cz\/wp-content\/uploads\/2025\/07\/quickstep-logo-e1523963983870.jpg\" class=\"attachment-large size-large wp-image-914\" alt=\"\" srcset=\"https:\/\/www.podlaharstvi-drozd.cz\/wp-content\/uploads\/2025\/07\/quickstep-logo-e1523963983870.jpg 400w, https:\/\/www.podlaharstvi-drozd.cz\/wp-content\/uploads\/2025\/07\/quickstep-logo-e1523963983870-300x113.jpg 300w\" sizes=\"(max-width: 400px) 100vw, 400px\" \/>\t\t\t\t\t\t\t\t\t\t\t\t\t\t\t<\/div>\n\t\t\t\t<\/div>\n\t\t\t\t\t<\/div>\n\t\t\t\t<\/div>\n\t\t\t\t\t<\/div>\n\t\t\t\t<\/div>\n\t\t\t\t<\/div>\n\t\t","protected":false},"excerpt":{"rendered":"<p>Podl\u00e1h\u00e1\u0159stv\u00ed Drozd Jsme mal\u00e1 firma p\u016fsob\u00edc\u00ed p\u0159ev\u00e1\u017en\u011b v Olomouck\u00e9m kraji. Po dohod\u011b ale nem\u00e1me probl\u00e9my vydat se za v\u00e1mi kamkoliv bude pot\u0159eba. P\u0159evzali jsme si v\u0161echny rady a zku\u0161enosti nabit\u00e9 l\u00e9ty praxe a nyn\u00ed k nim p\u0159id\u00e1v\u00e1me inovativn\u00ed technologie a materi\u00e1ly, kter\u00e9 od na\u0161ich dodavatel\u016f ka\u017ed\u00fdm rokem p\u0159ib\u00fdvaj\u00ed. Chceme v\u00e1m, z\u00e1kazn\u00edk\u016fm, poskytnout kompletn\u00ed slu\u017eby. R\u00e1di [&hellip;]<\/p>\n","protected":false},"author":1,"featured_media":0,"parent":0,"menu_order":0,"comment_status":"closed","ping_status":"closed","template":"","meta":{"footnotes":""},"class_list":["post-706","page","type-page","status-publish","hentry"],"blocksy_meta":{"page_title_panel":"","has_hero_section":"disabled","da7a78337464ae346af2bb1b3950828a":"","hero_section":"type-1","hero_elements":[{"id":"custom_title","enabled":true,"heading_tag":"h1","title":"Home"},{"id":"custom_description","enabled":true,"description_visibility":{"desktop":true,"tablet":true,"mobile":false}},{"id":"custom_meta","enabled":false,"meta_elements":[{"id":"author","enabled":true,"label":"By","has_author_avatar":"yes","avatar_size":25},{"id":"post_date","enabled":true,"label":"On","date_format_source":"default","date_format":"M j, Y"},{"id":"updated_date","enabled":false,"label":"On","date_format_source":"default","date_format":"M j, Y"},{"id":"categories","enabled":false,"label":"In","style":"simple"},{"id":"comments","enabled":true}],"page_meta_elements":{"joined":true,"articles_count":true,"comments":true}},{"id":"breadcrumbs","enabled":false}],"7a0a987a00944aac8d1821345babdcc1":"","hero_alignment1":"CT_CSS_SKIP_RULE","hero_margin":40,"hero_alignment2":"center","hero_vertical_alignment":"center","b95d2d873142337528c19ad49a078ba2":"","hero_structure":"narrow","dc7cd05ba1d6151924a41e43ebf1d09c":"","page_title_bg_type":"featured_image","custom_hero_background":{"attachment_id":null},"page_title_image_size":"full","parallax":{"desktop":false,"tablet":false,"mobile":false},"757ffe7c04742a82aa4c244eda39e0a1":"","hero_height":"250px","pageTitleFont":{"family":"Default","variation":"Default","size":"30px","line-height":"CT_CSS_SKIP_RULE","letter-spacing":"CT_CSS_SKIP_RULE","text-transform":"CT_CSS_SKIP_RULE","text-decoration":"CT_CSS_SKIP_RULE"},"pageTitleFontColor":{"default":{"color":"CT_CSS_SKIP_RULEDEFAULT"}},"pageMetaFont":{"family":"Default","variation":"n6","size":"12px","line-height":"1.3","letter-spacing":"CT_CSS_SKIP_RULE","text-transform":"uppercase","text-decoration":"CT_CSS_SKIP_RULE"},"pageMetaFontColor":{"default":{"color":"CT_CSS_SKIP_RULEDEFAULT"},"hover":{"color":"CT_CSS_SKIP_RULEDEFAULT"}},"page_meta_button_type_font_colors":{"default":{"color":"CT_CSS_SKIP_RULEDEFAULT"},"hover":{"color":"CT_CSS_SKIP_RULEDEFAULT"}},"page_meta_button_type_background_colors":{"default":{"color":"CT_CSS_SKIP_RULEDEFAULT"},"hover":{"color":"CT_CSS_SKIP_RULEDEFAULT"}},"pageExcerptFont":{"family":"Default","variation":"Default","size":"CT_CSS_SKIP_RULE","line-height":"CT_CSS_SKIP_RULE","letter-spacing":"CT_CSS_SKIP_RULE","text-transform":"CT_CSS_SKIP_RULE","text-decoration":"CT_CSS_SKIP_RULE"},"pageExcerptColor":{"default":{"color":"CT_CSS_SKIP_RULEDEFAULT"}},"breadcrumbsFont":{"family":"Default","variation":"Default","size":"CT_CSS_SKIP_RULE","line-height":"CT_CSS_SKIP_RULE","letter-spacing":"CT_CSS_SKIP_RULE","text-transform":"CT_CSS_SKIP_RULE","text-decoration":"CT_CSS_SKIP_RULE"},"breadcrumbsFontColor":{"default":{"color":"CT_CSS_SKIP_RULEDEFAULT"},"initial":{"color":"CT_CSS_SKIP_RULEDEFAULT"},"hover":{"color":"CT_CSS_SKIP_RULEDEFAULT"}},"pageTitleOverlay":{"background_type":"color","background_pattern":"type-1","background_image":{"attachment_id":null,"x":0,"y":0},"gradient":"linear-gradient(135deg,rgba(6,147,227,1) 0%,rgb(155,81,224) 100%)","background_repeat":"repeat","background_size":"auto","background_attachment":"scroll","patternColor":{"default":{"color":"#e5e7ea"}},"overlayColor":{"default":{"color":"CT_CSS_SKIP_RULE"}},"backgroundColor":{"default":{"color":"CT_CSS_SKIP_RULE"}}},"pageTitleBackground":{"background_type":"color","background_pattern":"type-1","background_image":{"attachment_id":null,"x":0,"y":0},"gradient":"linear-gradient(135deg,rgba(6,147,227,1) 0%,rgb(155,81,224) 100%)","background_repeat":"repeat","background_size":"auto","background_attachment":"scroll","patternColor":{"default":{"color":"#e5e7ea"}},"overlayColor":{"default":{"color":"CT_CSS_SKIP_RULE"}},"backgroundColor":{"default":{"color":"var(--theme-palette-color-6)"}}},"pageTitlePadding":{"top":"50px","bottom":"50px","left":"auto","right":"auto","linked":true},"b24ac5b792b148c11a6c70da46c29ed3":"","page_structure_type":"default","9a7617dee84785aef869931d2843949a":"","content_style_source":"inherit","content_style":"wide","vertical_spacing_source":"custom","content_area_spacing":"none","background":{"background_type":"color","background_pattern":"type-1","background_image":{"attachment_id":null,"x":0,"y":0},"gradient":"linear-gradient(135deg,rgba(6,147,227,1) 0%,rgb(155,81,224) 100%)","background_repeat":"repeat","background_size":"auto","background_attachment":"scroll","patternColor":{"default":{"color":"#e5e7ea"}},"overlayColor":{"default":{"color":"CT_CSS_SKIP_RULE"}},"backgroundColor":{"default":{"color":"CT_CSS_SKIP_RULE"}}},"content_background":{"background_type":"color","background_pattern":"type-1","background_image":{"attachment_id":null,"x":0,"y":0},"gradient":"linear-gradient(135deg,rgba(6,147,227,1) 0%,rgb(155,81,224) 100%)","background_repeat":"repeat","background_size":"auto","background_attachment":"scroll","patternColor":{"default":{"color":"#e5e7ea"}},"overlayColor":{"default":{"color":"CT_CSS_SKIP_RULE"}},"backgroundColor":{"default":{"color":"var(--theme-palette-color-8)"}}},"content_boxed_shadow":{"inherit":false,"blur":18,"spread":-6,"v_offset":12,"h_offset":0,"inset":false,"enable":true,"color":{"color":"rgba(34, 56, 101, 0.04)"}},"content_boxed_border":{"width":1,"style":"none","color":{"color":"rgba(44,62,80,0.2)"}},"content_boxed_radius":{"top":"3px","bottom":"3px","left":"3px","right":"3px","linked":true},"boxed_content_spacing":{"desktop":{"top":"40px","bottom":"40px","left":"40px","right":"40px","linked":true},"tablet":{"top":"35px","bottom":"35px","left":"35px","right":"35px","linked":true},"mobile":{"top":"20px","bottom":"20px","left":"20px","right":"20px","linked":true}},"c12008a9b20d2ccb47a110975e95b336":"","disable_featured_image":"no","disable_share_box":"no","disable_header":"no","disable_footer":"no","styles_descriptor":{"styles":{"desktop":"","tablet":"","mobile":""},"google_fonts":[],"version":6}},"jetpack_sharing_enabled":true,"_links":{"self":[{"href":"https:\/\/www.podlaharstvi-drozd.cz\/index.php?rest_route=\/wp\/v2\/pages\/706","targetHints":{"allow":["GET"]}}],"collection":[{"href":"https:\/\/www.podlaharstvi-drozd.cz\/index.php?rest_route=\/wp\/v2\/pages"}],"about":[{"href":"https:\/\/www.podlaharstvi-drozd.cz\/index.php?rest_route=\/wp\/v2\/types\/page"}],"author":[{"embeddable":true,"href":"https:\/\/www.podlaharstvi-drozd.cz\/index.php?rest_route=\/wp\/v2\/users\/1"}],"replies":[{"embeddable":true,"href":"https:\/\/www.podlaharstvi-drozd.cz\/index.php?rest_route=%2Fwp%2Fv2%2Fcomments&post=706"}],"version-history":[{"count":25,"href":"https:\/\/www.podlaharstvi-drozd.cz\/index.php?rest_route=\/wp\/v2\/pages\/706\/revisions"}],"predecessor-version":[{"id":1182,"href":"https:\/\/www.podlaharstvi-drozd.cz\/index.php?rest_route=\/wp\/v2\/pages\/706\/revisions\/1182"}],"wp:attachment":[{"href":"https:\/\/www.podlaharstvi-drozd.cz\/index.php?rest_route=%2Fwp%2Fv2%2Fmedia&parent=706"}],"curies":[{"name":"wp","href":"https:\/\/api.w.org\/{rel}","templated":true}]}}