{"id":1014,"date":"2025-07-24T16:31:16","date_gmt":"2025-07-24T14:31:16","guid":{"rendered":"https:\/\/www.podlaharstvi-drozd.cz\/?page_id=1014"},"modified":"2025-09-18T16:13:54","modified_gmt":"2025-09-18T14:13:54","slug":"recenze-zakazniku","status":"publish","type":"page","link":"https:\/\/www.podlaharstvi-drozd.cz\/?page_id=1014","title":{"rendered":"Galerie"},"content":{"rendered":"\t\t<div data-elementor-type=\"wp-page\" data-elementor-id=\"1014\" class=\"elementor elementor-1014\">\n\t\t\t\t<div class=\"elementor-element elementor-element-bfd026f e-con-full e-flex e-con e-parent\" data-id=\"bfd026f\" data-element_type=\"container\" data-settings=\"{&quot;background_background&quot;:&quot;classic&quot;}\">\n\t\t\t\t<div class=\"elementor-element elementor-element-449476d elementor-widget elementor-widget-heading\" data-id=\"449476d\" data-element_type=\"widget\" data-widget_type=\"heading.default\">\n\t\t\t\t\t<h2 class=\"elementor-heading-title elementor-size-default\">Galerie realizac\u00ed<\/h2>\t\t\t\t<\/div>\n\t\t\t\t<\/div>\n\t\t<div class=\"elementor-element elementor-element-365be0b e-flex e-con-boxed e-con e-parent\" data-id=\"365be0b\" data-element_type=\"container\" data-settings=\"{&quot;background_background&quot;:&quot;classic&quot;}\">\n\t\t\t\t\t<div class=\"e-con-inner\">\n\t\t\t\t<div class=\"elementor-element elementor-element-711a10d elementor-widget elementor-widget-heading\" data-id=\"711a10d\" data-element_type=\"widget\" data-widget_type=\"heading.default\">\n\t\t\t\t\t<h2 class=\"elementor-heading-title elementor-size-default\">Byt 2+1 v Olomouci <\/h2>\t\t\t\t<\/div>\n\t\t\t\t<div class=\"elementor-element elementor-element-051a088 elementor-widget elementor-widget-text-editor\" data-id=\"051a088\" data-element_type=\"widget\" data-widget_type=\"text-editor.default\">\n\t\t\t\t\t\t\t\t\t<p>Pokl\u00e1dka koberc\u016f v byt\u011b 2+1 v Olomouci. Jedn\u00e1 se o pokl\u00e1dku na ji\u017e p\u0159ipraven\u00fd podklad v\u010detn\u011b zali\u0161tov\u00e1n\u00ed. V tomto p\u0159\u00edpad\u011b je pro n\u00e1s pr\u00e1ce jednodu\u0161\u0161\u00ed ale v p\u0159\u00edpad\u011b pot\u0159eby pro n\u00e1s nen\u00ed probl\u00e9m si podklad upravit a srovnat.<\/p>\t\t\t\t\t\t\t\t<\/div>\n\t\t\t\t\t<\/div>\n\t\t\t\t<\/div>\n\t\t<div class=\"elementor-element elementor-element-5b1ac91 e-flex e-con-boxed e-con e-parent\" data-id=\"5b1ac91\" data-element_type=\"container\" data-settings=\"{&quot;background_background&quot;:&quot;classic&quot;}\">\n\t\t\t\t\t<div class=\"e-con-inner\">\n\t\t<div class=\"elementor-element elementor-element-364fa59 e-con-full e-flex e-con e-child\" data-id=\"364fa59\" data-element_type=\"container\">\n\t\t\t\t<div class=\"elementor-element elementor-element-7201927 elementor-widget elementor-widget-image\" data-id=\"7201927\" data-element_type=\"widget\" data-widget_type=\"image.default\">\n\t\t\t\t\t\t\t\t\t\t\t\t\t\t\t<img fetchpriority=\"high\" decoding=\"async\" width=\"768\" height=\"1024\" src=\"https:\/\/www.podlaharstvi-drozd.cz\/wp-content\/uploads\/2025\/07\/8e582800-984b-4c19-9813-e1610cb7081f-768x1024.jpg\" class=\"attachment-large size-large wp-image-796\" alt=\"\" srcset=\"https:\/\/www.podlaharstvi-drozd.cz\/wp-content\/uploads\/2025\/07\/8e582800-984b-4c19-9813-e1610cb7081f-768x1024.jpg 768w, https:\/\/www.podlaharstvi-drozd.cz\/wp-content\/uploads\/2025\/07\/8e582800-984b-4c19-9813-e1610cb7081f-225x300.jpg 225w, https:\/\/www.podlaharstvi-drozd.cz\/wp-content\/uploads\/2025\/07\/8e582800-984b-4c19-9813-e1610cb7081f-1152x1536.jpg 1152w, https:\/\/www.podlaharstvi-drozd.cz\/wp-content\/uploads\/2025\/07\/8e582800-984b-4c19-9813-e1610cb7081f.jpg 1488w\" sizes=\"(max-width: 768px) 100vw, 768px\" \/>\t\t\t\t\t\t\t\t\t\t\t\t\t\t\t<\/div>\n\t\t\t\t<\/div>\n\t\t<div class=\"elementor-element elementor-element-13bb88f e-con-full e-flex e-con e-child\" data-id=\"13bb88f\" data-element_type=\"container\">\n\t\t\t\t<div class=\"elementor-element elementor-element-06e70e0 elementor-widget elementor-widget-image\" data-id=\"06e70e0\" data-element_type=\"widget\" data-widget_type=\"image.default\">\n\t\t\t\t\t\t\t\t\t\t\t\t\t\t\t<img decoding=\"async\" width=\"768\" height=\"1024\" src=\"https:\/\/www.podlaharstvi-drozd.cz\/wp-content\/uploads\/2025\/07\/5dffb034-643a-4341-b5e8-26e40ed9da97-768x1024.jpg\" class=\"attachment-large size-large wp-image-790\" alt=\"\" srcset=\"https:\/\/www.podlaharstvi-drozd.cz\/wp-content\/uploads\/2025\/07\/5dffb034-643a-4341-b5e8-26e40ed9da97-768x1024.jpg 768w, https:\/\/www.podlaharstvi-drozd.cz\/wp-content\/uploads\/2025\/07\/5dffb034-643a-4341-b5e8-26e40ed9da97-225x300.jpg 225w, https:\/\/www.podlaharstvi-drozd.cz\/wp-content\/uploads\/2025\/07\/5dffb034-643a-4341-b5e8-26e40ed9da97-1152x1536.jpg 1152w, https:\/\/www.podlaharstvi-drozd.cz\/wp-content\/uploads\/2025\/07\/5dffb034-643a-4341-b5e8-26e40ed9da97.jpg 1488w\" sizes=\"(max-width: 768px) 100vw, 768px\" \/>\t\t\t\t\t\t\t\t\t\t\t\t\t\t\t<\/div>\n\t\t\t\t<\/div>\n\t\t<div class=\"elementor-element elementor-element-9e6c857 e-con-full e-flex e-con e-child\" data-id=\"9e6c857\" data-element_type=\"container\">\n\t\t\t\t<div class=\"elementor-element elementor-element-46df157 elementor-widget elementor-widget-image\" data-id=\"46df157\" data-element_type=\"widget\" data-widget_type=\"image.default\">\n\t\t\t\t\t\t\t\t\t\t\t\t\t\t\t<img decoding=\"async\" width=\"768\" height=\"1024\" src=\"https:\/\/www.podlaharstvi-drozd.cz\/wp-content\/uploads\/2025\/07\/9f53c51e-1651-4560-a9d2-1b635f88e3ff-768x1024.jpg\" class=\"attachment-large size-large wp-image-798\" alt=\"\" srcset=\"https:\/\/www.podlaharstvi-drozd.cz\/wp-content\/uploads\/2025\/07\/9f53c51e-1651-4560-a9d2-1b635f88e3ff-768x1024.jpg 768w, https:\/\/www.podlaharstvi-drozd.cz\/wp-content\/uploads\/2025\/07\/9f53c51e-1651-4560-a9d2-1b635f88e3ff-225x300.jpg 225w, https:\/\/www.podlaharstvi-drozd.cz\/wp-content\/uploads\/2025\/07\/9f53c51e-1651-4560-a9d2-1b635f88e3ff-1152x1536.jpg 1152w, https:\/\/www.podlaharstvi-drozd.cz\/wp-content\/uploads\/2025\/07\/9f53c51e-1651-4560-a9d2-1b635f88e3ff.jpg 1488w\" sizes=\"(max-width: 768px) 100vw, 768px\" \/>\t\t\t\t\t\t\t\t\t\t\t\t\t\t\t<\/div>\n\t\t\t\t<\/div>\n\t\t<div class=\"elementor-element elementor-element-bb7c226 e-con-full e-flex e-con e-child\" data-id=\"bb7c226\" data-element_type=\"container\">\n\t\t\t\t<div class=\"elementor-element elementor-element-3a32935 elementor-widget elementor-widget-image\" data-id=\"3a32935\" data-element_type=\"widget\" data-widget_type=\"image.default\">\n\t\t\t\t\t\t\t\t\t\t\t\t\t\t\t<img loading=\"lazy\" decoding=\"async\" width=\"768\" height=\"1024\" src=\"https:\/\/www.podlaharstvi-drozd.cz\/wp-content\/uploads\/2025\/07\/82b81d63-e983-4095-9267-08be28aecd53-768x1024.jpg\" class=\"attachment-large size-large wp-image-801\" alt=\"\" srcset=\"https:\/\/www.podlaharstvi-drozd.cz\/wp-content\/uploads\/2025\/07\/82b81d63-e983-4095-9267-08be28aecd53-768x1024.jpg 768w, https:\/\/www.podlaharstvi-drozd.cz\/wp-content\/uploads\/2025\/07\/82b81d63-e983-4095-9267-08be28aecd53-225x300.jpg 225w, https:\/\/www.podlaharstvi-drozd.cz\/wp-content\/uploads\/2025\/07\/82b81d63-e983-4095-9267-08be28aecd53-1152x1536.jpg 1152w, https:\/\/www.podlaharstvi-drozd.cz\/wp-content\/uploads\/2025\/07\/82b81d63-e983-4095-9267-08be28aecd53.jpg 1488w\" sizes=\"(max-width: 768px) 100vw, 768px\" \/>\t\t\t\t\t\t\t\t\t\t\t\t\t\t\t<\/div>\n\t\t\t\t<\/div>\n\t\t\t\t\t<\/div>\n\t\t\t\t<\/div>\n\t\t<div class=\"elementor-element elementor-element-dde78ec e-flex e-con-boxed e-con e-parent\" data-id=\"dde78ec\" data-element_type=\"container\" data-settings=\"{&quot;background_background&quot;:&quot;classic&quot;}\">\n\t\t\t\t\t<div class=\"e-con-inner\">\n\t\t\t\t<div class=\"elementor-element elementor-element-117ff4a elementor-widget elementor-widget-heading\" data-id=\"117ff4a\" data-element_type=\"widget\" data-widget_type=\"heading.default\">\n\t\t\t\t\t<h2 class=\"elementor-heading-title elementor-size-default\">   Rodinn\u00fd d\u016fm Doln\u00ed V\u011bstonice   <\/h2>\t\t\t\t<\/div>\n\t\t\t\t<div class=\"elementor-element elementor-element-a08943b elementor-widget elementor-widget-text-editor\" data-id=\"a08943b\" data-element_type=\"widget\" data-widget_type=\"text-editor.default\">\n\t\t\t\t\t\t\t\t\t<p>Srovn\u00e1n\u00ed anhidridov\u00e9 podlahy st\u011brkou. Pro vinilovou podlahu je pot\u0159eba podklad co nejrovn\u011bj\u0161\u00ed. V tomto p\u0159\u00edpad\u011b jsme srovn\u00e1vali a n\u00e1sledn\u011b obkl\u00e1dali i schodi\u0161t\u011b.<\/p>\t\t\t\t\t\t\t\t<\/div>\n\t\t\t\t\t<\/div>\n\t\t\t\t<\/div>\n\t\t<div class=\"elementor-element elementor-element-dc9956a e-flex e-con-boxed e-con e-parent\" data-id=\"dc9956a\" data-element_type=\"container\" data-settings=\"{&quot;background_background&quot;:&quot;classic&quot;}\">\n\t\t\t\t\t<div class=\"e-con-inner\">\n\t\t<div class=\"elementor-element elementor-element-efbdd0a e-con-full e-flex e-con e-child\" data-id=\"efbdd0a\" data-element_type=\"container\">\n\t\t\t\t<div class=\"elementor-element elementor-element-b0d87f0 elementor-widget elementor-widget-image\" data-id=\"b0d87f0\" data-element_type=\"widget\" data-widget_type=\"image.default\">\n\t\t\t\t\t\t\t\t\t\t\t\t\t\t\t<img loading=\"lazy\" decoding=\"async\" width=\"768\" height=\"1024\" src=\"https:\/\/www.podlaharstvi-drozd.cz\/wp-content\/uploads\/2025\/07\/4d9d462a-6610-4785-9b93-2034999fea52-768x1024.jpg\" class=\"attachment-large size-large wp-image-788\" alt=\"\" srcset=\"https:\/\/www.podlaharstvi-drozd.cz\/wp-content\/uploads\/2025\/07\/4d9d462a-6610-4785-9b93-2034999fea52-768x1024.jpg 768w, https:\/\/www.podlaharstvi-drozd.cz\/wp-content\/uploads\/2025\/07\/4d9d462a-6610-4785-9b93-2034999fea52-225x300.jpg 225w, https:\/\/www.podlaharstvi-drozd.cz\/wp-content\/uploads\/2025\/07\/4d9d462a-6610-4785-9b93-2034999fea52-1152x1536.jpg 1152w, https:\/\/www.podlaharstvi-drozd.cz\/wp-content\/uploads\/2025\/07\/4d9d462a-6610-4785-9b93-2034999fea52.jpg 1200w\" sizes=\"(max-width: 768px) 100vw, 768px\" \/>\t\t\t\t\t\t\t\t\t\t\t\t\t\t\t<\/div>\n\t\t\t\t<\/div>\n\t\t<div class=\"elementor-element elementor-element-af7417e e-con-full e-flex e-con e-child\" data-id=\"af7417e\" data-element_type=\"container\">\n\t\t\t\t<div class=\"elementor-element elementor-element-14f0941 elementor-widget elementor-widget-image\" data-id=\"14f0941\" data-element_type=\"widget\" data-widget_type=\"image.default\">\n\t\t\t\t\t\t\t\t\t\t\t\t\t\t\t<img loading=\"lazy\" decoding=\"async\" width=\"768\" height=\"1024\" src=\"https:\/\/www.podlaharstvi-drozd.cz\/wp-content\/uploads\/2025\/07\/5b5ad093-968b-494b-bb22-68dffc4436ed-768x1024.jpg\" class=\"attachment-large size-large wp-image-789\" alt=\"\" srcset=\"https:\/\/www.podlaharstvi-drozd.cz\/wp-content\/uploads\/2025\/07\/5b5ad093-968b-494b-bb22-68dffc4436ed-768x1024.jpg 768w, https:\/\/www.podlaharstvi-drozd.cz\/wp-content\/uploads\/2025\/07\/5b5ad093-968b-494b-bb22-68dffc4436ed-225x300.jpg 225w, https:\/\/www.podlaharstvi-drozd.cz\/wp-content\/uploads\/2025\/07\/5b5ad093-968b-494b-bb22-68dffc4436ed-1152x1536.jpg 1152w, https:\/\/www.podlaharstvi-drozd.cz\/wp-content\/uploads\/2025\/07\/5b5ad093-968b-494b-bb22-68dffc4436ed.jpg 1200w\" sizes=\"(max-width: 768px) 100vw, 768px\" \/>\t\t\t\t\t\t\t\t\t\t\t\t\t\t\t<\/div>\n\t\t\t\t<\/div>\n\t\t<div class=\"elementor-element elementor-element-b4ffa41 e-con-full e-flex e-con e-child\" data-id=\"b4ffa41\" data-element_type=\"container\">\n\t\t\t\t<div class=\"elementor-element elementor-element-3944553 elementor-widget elementor-widget-image\" data-id=\"3944553\" data-element_type=\"widget\" data-widget_type=\"image.default\">\n\t\t\t\t\t\t\t\t\t\t\t\t\t\t\t<img loading=\"lazy\" decoding=\"async\" width=\"768\" height=\"1024\" src=\"https:\/\/www.podlaharstvi-drozd.cz\/wp-content\/uploads\/2025\/07\/55e1c183-98e7-44ed-8603-6a1b032b739b-768x1024.jpg\" class=\"attachment-large size-large wp-image-800\" alt=\"\" srcset=\"https:\/\/www.podlaharstvi-drozd.cz\/wp-content\/uploads\/2025\/07\/55e1c183-98e7-44ed-8603-6a1b032b739b-768x1024.jpg 768w, https:\/\/www.podlaharstvi-drozd.cz\/wp-content\/uploads\/2025\/07\/55e1c183-98e7-44ed-8603-6a1b032b739b-225x300.jpg 225w, https:\/\/www.podlaharstvi-drozd.cz\/wp-content\/uploads\/2025\/07\/55e1c183-98e7-44ed-8603-6a1b032b739b-1152x1536.jpg 1152w, https:\/\/www.podlaharstvi-drozd.cz\/wp-content\/uploads\/2025\/07\/55e1c183-98e7-44ed-8603-6a1b032b739b.jpg 1200w\" sizes=\"(max-width: 768px) 100vw, 768px\" \/>\t\t\t\t\t\t\t\t\t\t\t\t\t\t\t<\/div>\n\t\t\t\t<\/div>\n\t\t<div class=\"elementor-element elementor-element-439d8d9 e-con-full e-flex e-con e-child\" data-id=\"439d8d9\" data-element_type=\"container\">\n\t\t\t\t<div class=\"elementor-element elementor-element-aa702fa elementor-widget elementor-widget-image\" data-id=\"aa702fa\" data-element_type=\"widget\" data-widget_type=\"image.default\">\n\t\t\t\t\t\t\t\t\t\t\t\t\t\t\t<img decoding=\"async\" src=\"https:\/\/www.podlaharstvi-drozd.cz\/wp-content\/uploads\/2025\/08\/6e86e98b-9b1b-4cd1-ac94-fed87d3f328f.jpg\" title=\"6e86e98b-9b1b-4cd1-ac94-fed87d3f328f\" alt=\"6e86e98b-9b1b-4cd1-ac94-fed87d3f328f\" loading=\"lazy\" \/>\t\t\t\t\t\t\t\t\t\t\t\t\t\t\t<\/div>\n\t\t\t\t<\/div>\n\t\t\t\t\t<\/div>\n\t\t\t\t<\/div>\n\t\t<div class=\"elementor-element elementor-element-6beb705 e-flex e-con-boxed e-con e-parent\" data-id=\"6beb705\" data-element_type=\"container\">\n\t\t\t\t\t<div class=\"e-con-inner\">\n\t\t\t\t<div class=\"elementor-element elementor-element-c023e9c elementor-widget elementor-widget-heading\" data-id=\"c023e9c\" data-element_type=\"widget\" data-widget_type=\"heading.default\">\n\t\t\t\t\t<h2 class=\"elementor-heading-title elementor-size-default\">Byt 3+1 Olomouc   <\/h2>\t\t\t\t<\/div>\n\t\t\t\t\t<\/div>\n\t\t\t\t<\/div>\n\t\t<div class=\"elementor-element elementor-element-22d4b68 e-flex e-con-boxed e-con e-parent\" data-id=\"22d4b68\" data-element_type=\"container\">\n\t\t\t\t\t<div class=\"e-con-inner\">\n\t\t\t\t<div class=\"elementor-element elementor-element-a7c3ce1 elementor-widget elementor-widget-text-editor\" data-id=\"a7c3ce1\" data-element_type=\"widget\" data-widget_type=\"text-editor.default\">\n\t\t\t\t\t\t\t\t\t<p>Lepen\u00e1 vinilov\u00e1 podlaha ve v\u0161ech m\u00edstnostech.\u00a0<\/p>\t\t\t\t\t\t\t\t<\/div>\n\t\t\t\t\t<\/div>\n\t\t\t\t<\/div>\n\t\t<div class=\"elementor-element elementor-element-2d09e85 e-flex e-con-boxed e-con e-parent\" data-id=\"2d09e85\" data-element_type=\"container\" data-settings=\"{&quot;background_background&quot;:&quot;classic&quot;}\">\n\t\t\t\t\t<div class=\"e-con-inner\">\n\t\t<div class=\"elementor-element elementor-element-3492b91 e-con-full e-flex e-con e-child\" data-id=\"3492b91\" data-element_type=\"container\">\n\t\t\t\t<div class=\"elementor-element elementor-element-b5e9822 elementor-widget elementor-widget-image\" data-id=\"b5e9822\" data-element_type=\"widget\" data-widget_type=\"image.default\">\n\t\t\t\t\t\t\t\t\t\t\t\t\t\t\t<img loading=\"lazy\" decoding=\"async\" width=\"1024\" height=\"768\" src=\"https:\/\/www.podlaharstvi-drozd.cz\/wp-content\/uploads\/2025\/08\/be51f176-5694-44c0-9b74-a3f88b8f1ad6-1024x768.jpg\" class=\"attachment-large size-large wp-image-1145\" alt=\"\" srcset=\"https:\/\/www.podlaharstvi-drozd.cz\/wp-content\/uploads\/2025\/08\/be51f176-5694-44c0-9b74-a3f88b8f1ad6-1024x768.jpg 1024w, https:\/\/www.podlaharstvi-drozd.cz\/wp-content\/uploads\/2025\/08\/be51f176-5694-44c0-9b74-a3f88b8f1ad6-300x225.jpg 300w, https:\/\/www.podlaharstvi-drozd.cz\/wp-content\/uploads\/2025\/08\/be51f176-5694-44c0-9b74-a3f88b8f1ad6-768x576.jpg 768w, https:\/\/www.podlaharstvi-drozd.cz\/wp-content\/uploads\/2025\/08\/be51f176-5694-44c0-9b74-a3f88b8f1ad6-1536x1152.jpg 1536w, https:\/\/www.podlaharstvi-drozd.cz\/wp-content\/uploads\/2025\/08\/be51f176-5694-44c0-9b74-a3f88b8f1ad6.jpg 1600w\" sizes=\"(max-width: 1024px) 100vw, 1024px\" \/>\t\t\t\t\t\t\t\t\t\t\t\t\t\t\t<\/div>\n\t\t\t\t<\/div>\n\t\t<div class=\"elementor-element elementor-element-02b614b e-con-full e-flex e-con e-child\" data-id=\"02b614b\" data-element_type=\"container\">\n\t\t\t\t<div class=\"elementor-element elementor-element-ce3010f elementor-widget elementor-widget-image\" data-id=\"ce3010f\" data-element_type=\"widget\" data-widget_type=\"image.default\">\n\t\t\t\t\t\t\t\t\t\t\t\t\t\t\t<img loading=\"lazy\" decoding=\"async\" width=\"1024\" height=\"768\" src=\"https:\/\/www.podlaharstvi-drozd.cz\/wp-content\/uploads\/2025\/08\/6e86e98b-9b1b-4cd1-ac94-fed87d3f328f-1024x768.jpg\" class=\"attachment-large size-large wp-image-1146\" alt=\"\" srcset=\"https:\/\/www.podlaharstvi-drozd.cz\/wp-content\/uploads\/2025\/08\/6e86e98b-9b1b-4cd1-ac94-fed87d3f328f-1024x768.jpg 1024w, https:\/\/www.podlaharstvi-drozd.cz\/wp-content\/uploads\/2025\/08\/6e86e98b-9b1b-4cd1-ac94-fed87d3f328f-300x225.jpg 300w, https:\/\/www.podlaharstvi-drozd.cz\/wp-content\/uploads\/2025\/08\/6e86e98b-9b1b-4cd1-ac94-fed87d3f328f-768x576.jpg 768w, https:\/\/www.podlaharstvi-drozd.cz\/wp-content\/uploads\/2025\/08\/6e86e98b-9b1b-4cd1-ac94-fed87d3f328f-1536x1152.jpg 1536w, https:\/\/www.podlaharstvi-drozd.cz\/wp-content\/uploads\/2025\/08\/6e86e98b-9b1b-4cd1-ac94-fed87d3f328f.jpg 1600w\" sizes=\"(max-width: 1024px) 100vw, 1024px\" \/>\t\t\t\t\t\t\t\t\t\t\t\t\t\t\t<\/div>\n\t\t\t\t<\/div>\n\t\t<div class=\"elementor-element elementor-element-8207549 e-con-full e-flex e-con e-child\" data-id=\"8207549\" data-element_type=\"container\">\n\t\t\t\t<div class=\"elementor-element elementor-element-0788369 elementor-widget elementor-widget-image\" data-id=\"0788369\" data-element_type=\"widget\" data-widget_type=\"image.default\">\n\t\t\t\t\t\t\t\t\t\t\t\t\t\t\t<img loading=\"lazy\" decoding=\"async\" width=\"1024\" height=\"768\" src=\"https:\/\/www.podlaharstvi-drozd.cz\/wp-content\/uploads\/2025\/08\/15310b21-90b4-4259-ba4a-d9e4dd0a5831-1024x768.jpg\" class=\"attachment-large size-large wp-image-1148\" alt=\"\" srcset=\"https:\/\/www.podlaharstvi-drozd.cz\/wp-content\/uploads\/2025\/08\/15310b21-90b4-4259-ba4a-d9e4dd0a5831-1024x768.jpg 1024w, https:\/\/www.podlaharstvi-drozd.cz\/wp-content\/uploads\/2025\/08\/15310b21-90b4-4259-ba4a-d9e4dd0a5831-300x225.jpg 300w, https:\/\/www.podlaharstvi-drozd.cz\/wp-content\/uploads\/2025\/08\/15310b21-90b4-4259-ba4a-d9e4dd0a5831-768x576.jpg 768w, https:\/\/www.podlaharstvi-drozd.cz\/wp-content\/uploads\/2025\/08\/15310b21-90b4-4259-ba4a-d9e4dd0a5831-1536x1152.jpg 1536w, https:\/\/www.podlaharstvi-drozd.cz\/wp-content\/uploads\/2025\/08\/15310b21-90b4-4259-ba4a-d9e4dd0a5831.jpg 1600w\" sizes=\"(max-width: 1024px) 100vw, 1024px\" \/>\t\t\t\t\t\t\t\t\t\t\t\t\t\t\t<\/div>\n\t\t\t\t<\/div>\n\t\t<div class=\"elementor-element elementor-element-3a3b377 e-con-full e-flex e-con e-child\" data-id=\"3a3b377\" data-element_type=\"container\">\n\t\t\t\t<div class=\"elementor-element elementor-element-8f4e756 elementor-widget elementor-widget-image\" data-id=\"8f4e756\" data-element_type=\"widget\" data-widget_type=\"image.default\">\n\t\t\t\t\t\t\t\t\t\t\t\t\t\t\t<img loading=\"lazy\" decoding=\"async\" width=\"1024\" height=\"768\" src=\"https:\/\/www.podlaharstvi-drozd.cz\/wp-content\/uploads\/2025\/08\/540859aa-4df0-4d4f-99f1-e79979dfec18-1024x768.jpg\" class=\"attachment-large size-large wp-image-1149\" alt=\"\" srcset=\"https:\/\/www.podlaharstvi-drozd.cz\/wp-content\/uploads\/2025\/08\/540859aa-4df0-4d4f-99f1-e79979dfec18-1024x768.jpg 1024w, https:\/\/www.podlaharstvi-drozd.cz\/wp-content\/uploads\/2025\/08\/540859aa-4df0-4d4f-99f1-e79979dfec18-300x225.jpg 300w, https:\/\/www.podlaharstvi-drozd.cz\/wp-content\/uploads\/2025\/08\/540859aa-4df0-4d4f-99f1-e79979dfec18-768x576.jpg 768w, https:\/\/www.podlaharstvi-drozd.cz\/wp-content\/uploads\/2025\/08\/540859aa-4df0-4d4f-99f1-e79979dfec18-1536x1152.jpg 1536w, https:\/\/www.podlaharstvi-drozd.cz\/wp-content\/uploads\/2025\/08\/540859aa-4df0-4d4f-99f1-e79979dfec18.jpg 1600w\" sizes=\"(max-width: 1024px) 100vw, 1024px\" \/>\t\t\t\t\t\t\t\t\t\t\t\t\t\t\t<\/div>\n\t\t\t\t<\/div>\n\t\t\t\t\t<\/div>\n\t\t\t\t<\/div>\n\t\t\t\t<\/div>\n\t\t","protected":false},"excerpt":{"rendered":"<p>Galerie realizac\u00ed Byt 2+1 v Olomouci Pokl\u00e1dka koberc\u016f v byt\u011b 2+1 v Olomouci. Jedn\u00e1 se o pokl\u00e1dku na ji\u017e p\u0159ipraven\u00fd podklad v\u010detn\u011b zali\u0161tov\u00e1n\u00ed. V tomto p\u0159\u00edpad\u011b je pro n\u00e1s pr\u00e1ce jednodu\u0161\u0161\u00ed ale v p\u0159\u00edpad\u011b pot\u0159eby pro n\u00e1s nen\u00ed probl\u00e9m si podklad upravit a srovnat. Rodinn\u00fd d\u016fm Doln\u00ed V\u011bstonice Srovn\u00e1n\u00ed anhidridov\u00e9 podlahy st\u011brkou. Pro vinilovou podlahu [&hellip;]<\/p>\n","protected":false},"author":1,"featured_media":0,"parent":0,"menu_order":0,"comment_status":"closed","ping_status":"closed","template":"","meta":{"footnotes":""},"class_list":["post-1014","page","type-page","status-publish","hentry"],"blocksy_meta":{"page_title_panel":"","has_hero_section":"disabled","bfb5ff54ad81450844bd8a0c75e885b6":"","hero_section":"type-1","hero_elements":[{"id":"custom_title","enabled":true,"heading_tag":"h1","title":"Home"},{"id":"custom_description","enabled":true,"description_visibility":{"desktop":true,"tablet":true,"mobile":false}},{"id":"custom_meta","enabled":false,"meta_elements":[{"id":"author","enabled":true,"label":"By","has_author_avatar":"yes","avatar_size":25},{"id":"post_date","enabled":true,"label":"On","date_format_source":"default","date_format":"M j, Y"},{"id":"updated_date","enabled":false,"label":"On","date_format_source":"default","date_format":"M j, Y"},{"id":"categories","enabled":false,"label":"In","style":"simple"},{"id":"comments","enabled":true}],"page_meta_elements":{"joined":true,"articles_count":true,"comments":true}},{"id":"breadcrumbs","enabled":false}],"dc1e8173c8e8f4de00685da438e4acb6":"","hero_alignment1":"CT_CSS_SKIP_RULE","hero_margin":40,"hero_alignment2":"center","hero_vertical_alignment":"center","c4ac33a1f5f24f903e59095ebf4eda5e":"","hero_structure":"narrow","d32627033ee36f62a30d31eb07b70868":"","page_title_bg_type":"featured_image","custom_hero_background":{"attachment_id":null},"page_title_image_size":"full","parallax":{"desktop":false,"tablet":false,"mobile":false},"c40a5784050219919c647e2a7c568e2d":"","hero_height":"250px","pageTitleFont":{"family":"Default","variation":"Default","size":"30px","line-height":"CT_CSS_SKIP_RULE","letter-spacing":"CT_CSS_SKIP_RULE","text-transform":"CT_CSS_SKIP_RULE","text-decoration":"CT_CSS_SKIP_RULE"},"pageTitleFontColor":{"default":{"color":"CT_CSS_SKIP_RULEDEFAULT"}},"pageMetaFont":{"family":"Default","variation":"n6","size":"12px","line-height":"1.3","letter-spacing":"CT_CSS_SKIP_RULE","text-transform":"uppercase","text-decoration":"CT_CSS_SKIP_RULE"},"pageMetaFontColor":{"default":{"color":"CT_CSS_SKIP_RULEDEFAULT"},"hover":{"color":"CT_CSS_SKIP_RULEDEFAULT"}},"page_meta_button_type_font_colors":{"default":{"color":"CT_CSS_SKIP_RULEDEFAULT"},"hover":{"color":"CT_CSS_SKIP_RULEDEFAULT"}},"page_meta_button_type_background_colors":{"default":{"color":"CT_CSS_SKIP_RULEDEFAULT"},"hover":{"color":"CT_CSS_SKIP_RULEDEFAULT"}},"pageExcerptFont":{"family":"Default","variation":"Default","size":"CT_CSS_SKIP_RULE","line-height":"CT_CSS_SKIP_RULE","letter-spacing":"CT_CSS_SKIP_RULE","text-transform":"CT_CSS_SKIP_RULE","text-decoration":"CT_CSS_SKIP_RULE"},"pageExcerptColor":{"default":{"color":"CT_CSS_SKIP_RULEDEFAULT"}},"breadcrumbsFont":{"family":"Default","variation":"Default","size":"CT_CSS_SKIP_RULE","line-height":"CT_CSS_SKIP_RULE","letter-spacing":"CT_CSS_SKIP_RULE","text-transform":"CT_CSS_SKIP_RULE","text-decoration":"CT_CSS_SKIP_RULE"},"breadcrumbsFontColor":{"default":{"color":"CT_CSS_SKIP_RULEDEFAULT"},"initial":{"color":"CT_CSS_SKIP_RULEDEFAULT"},"hover":{"color":"CT_CSS_SKIP_RULEDEFAULT"}},"pageTitleOverlay":{"background_type":"color","background_pattern":"type-1","background_image":{"attachment_id":null,"x":0,"y":0},"gradient":"linear-gradient(135deg,rgba(6,147,227,1) 0%,rgb(155,81,224) 100%)","background_repeat":"repeat","background_size":"auto","background_attachment":"scroll","patternColor":{"default":{"color":"#e5e7ea"}},"overlayColor":{"default":{"color":"CT_CSS_SKIP_RULE"}},"backgroundColor":{"default":{"color":"CT_CSS_SKIP_RULE"}}},"pageTitleBackground":{"background_type":"color","background_pattern":"type-1","background_image":{"attachment_id":null,"x":0,"y":0},"gradient":"linear-gradient(135deg,rgba(6,147,227,1) 0%,rgb(155,81,224) 100%)","background_repeat":"repeat","background_size":"auto","background_attachment":"scroll","patternColor":{"default":{"color":"#e5e7ea"}},"overlayColor":{"default":{"color":"CT_CSS_SKIP_RULE"}},"backgroundColor":{"default":{"color":"var(--theme-palette-color-6)"}}},"pageTitlePadding":{"top":"50px","bottom":"50px","left":"auto","right":"auto","linked":true},"2faa6200c6ac9b538be5822782655245":"","page_structure_type":"default","1d22b7b56f46b7a8434fabfc4300ce51":"","content_style_source":"inherit","content_style":"wide","vertical_spacing_source":"custom","content_area_spacing":"none","background":{"background_type":"color","background_pattern":"type-1","background_image":{"attachment_id":null,"x":0,"y":0},"gradient":"linear-gradient(135deg,rgba(6,147,227,1) 0%,rgb(155,81,224) 100%)","background_repeat":"repeat","background_size":"auto","background_attachment":"scroll","patternColor":{"default":{"color":"#e5e7ea"}},"overlayColor":{"default":{"color":"CT_CSS_SKIP_RULE"}},"backgroundColor":{"default":{"color":"CT_CSS_SKIP_RULE"}}},"content_background":{"background_type":"color","background_pattern":"type-1","background_image":{"attachment_id":null,"x":0,"y":0},"gradient":"linear-gradient(135deg,rgba(6,147,227,1) 0%,rgb(155,81,224) 100%)","background_repeat":"repeat","background_size":"auto","background_attachment":"scroll","patternColor":{"default":{"color":"#e5e7ea"}},"overlayColor":{"default":{"color":"CT_CSS_SKIP_RULE"}},"backgroundColor":{"default":{"color":"var(--theme-palette-color-8)"}}},"content_boxed_shadow":{"inherit":false,"blur":18,"spread":-6,"v_offset":12,"h_offset":0,"inset":false,"enable":true,"color":{"color":"rgba(34, 56, 101, 0.04)"}},"content_boxed_border":{"width":1,"style":"none","color":{"color":"rgba(44,62,80,0.2)"}},"content_boxed_radius":{"top":"3px","bottom":"3px","left":"3px","right":"3px","linked":true},"boxed_content_spacing":{"desktop":{"top":"40px","bottom":"40px","left":"40px","right":"40px","linked":true},"tablet":{"top":"35px","bottom":"35px","left":"35px","right":"35px","linked":true},"mobile":{"top":"20px","bottom":"20px","left":"20px","right":"20px","linked":true}},"1d1010aa935718443cb266ea49e78285":"","disable_featured_image":"no","disable_share_box":"no","disable_header":"no","disable_footer":"no","styles_descriptor":{"styles":{"desktop":"","tablet":"","mobile":""},"google_fonts":[],"version":6}},"jetpack_sharing_enabled":true,"_links":{"self":[{"href":"https:\/\/www.podlaharstvi-drozd.cz\/index.php?rest_route=\/wp\/v2\/pages\/1014","targetHints":{"allow":["GET"]}}],"collection":[{"href":"https:\/\/www.podlaharstvi-drozd.cz\/index.php?rest_route=\/wp\/v2\/pages"}],"about":[{"href":"https:\/\/www.podlaharstvi-drozd.cz\/index.php?rest_route=\/wp\/v2\/types\/page"}],"author":[{"embeddable":true,"href":"https:\/\/www.podlaharstvi-drozd.cz\/index.php?rest_route=\/wp\/v2\/users\/1"}],"replies":[{"embeddable":true,"href":"https:\/\/www.podlaharstvi-drozd.cz\/index.php?rest_route=%2Fwp%2Fv2%2Fcomments&post=1014"}],"version-history":[{"count":53,"href":"https:\/\/www.podlaharstvi-drozd.cz\/index.php?rest_route=\/wp\/v2\/pages\/1014\/revisions"}],"predecessor-version":[{"id":1176,"href":"https:\/\/www.podlaharstvi-drozd.cz\/index.php?rest_route=\/wp\/v2\/pages\/1014\/revisions\/1176"}],"wp:attachment":[{"href":"https:\/\/www.podlaharstvi-drozd.cz\/index.php?rest_route=%2Fwp%2Fv2%2Fmedia&parent=1014"}],"curies":[{"name":"wp","href":"https:\/\/api.w.org\/{rel}","templated":true}]}}